{"id":270,"date":"2018-10-14T02:33:44","date_gmt":"2018-10-14T00:33:44","guid":{"rendered":"http:\/\/www.touche-experience.be\/?page_id=270"},"modified":"2026-04-28T10:13:28","modified_gmt":"2026-04-28T08:13:28","slug":"about-touche","status":"publish","type":"page","link":"https:\/\/www.touche-experience.be\/en\/over-touche\/","title":{"rendered":"About Touch\u00e9"},"content":{"rendered":"<div data-elementor-type=\"wp-post\" data-elementor-id=\"270\" class=\"elementor elementor-270\" data-elementor-post-type=\"page\">\n\t\t\t\t\t\t<section class=\"elementor-section elementor-top-section elementor-element elementor-element-19a5cc4 touche-blocks elementor-section-boxed elementor-section-height-default elementor-section-height-default\" data-id=\"19a5cc4\" data-element_type=\"section\" data-e-type=\"section\">\n\t\t\t\t\t\t<div class=\"elementor-container elementor-column-gap-wide\">\n\t\t\t\t\t<div class=\"elementor-column elementor-col-50 elementor-top-column elementor-element elementor-element-fdba54a\" data-id=\"fdba54a\" data-element_type=\"column\" data-e-type=\"column\">\n\t\t\t<div class=\"elementor-widget-wrap elementor-element-populated\">\n\t\t\t\t\t\t<div class=\"elementor-element elementor-element-608aaf5 elementor-widget elementor-widget-text-editor\" data-id=\"608aaf5\" data-element_type=\"widget\" data-e-type=\"widget\" data-widget_type=\"text-editor.default\">\n\t\t\t\t<div class=\"elementor-widget-container\">\n\t\t\t\t\t\t\t\t\t<h2>About Touch\u00e9<\/h2><p><span class=\"fontstyle0\">Touch\u00e9 Experience started 18 years ago, with modest initiations &amp; demonstrations fencing. Year after year, our offer and clientele grew. Today, Touch\u00e9 offers a range of surprising activities at extraordinary locations.<\/span><\/p><p><span class=\"fontstyle0\">Touch\u00e9 doesn\u2019t want to limit itself to \u2018a happy few\u2019. On the contrary, we want everyone to have \u2018The Experience\u2019. That\u2019s why we always provide bespoke services \u2013 tailored to your audience, wishes and budget.<\/span><\/p>\t\t\t\t\t\t\t\t<\/div>\n\t\t\t\t<\/div>\n\t\t\t\t\t<\/div>\n\t\t<\/div>\n\t\t\t\t<div class=\"elementor-column elementor-col-50 elementor-top-column elementor-element elementor-element-ec1079f\" data-id=\"ec1079f\" data-element_type=\"column\" data-e-type=\"column\">\n\t\t\t<div class=\"elementor-widget-wrap elementor-element-populated\">\n\t\t\t\t\t\t<div class=\"elementor-element elementor-element-15eba85 elementor-widget elementor-widget-image\" data-id=\"15eba85\" data-element_type=\"widget\" data-e-type=\"widget\" data-widget_type=\"image.default\">\n\t\t\t\t<div class=\"elementor-widget-container\">\n\t\t\t\t\t\t\t\t\t\t\t\t\t\t\t<img fetchpriority=\"high\" decoding=\"async\" width=\"1024\" height=\"684\" src=\"https:\/\/www.touche-experience.be\/app\/uploads\/2018\/12\/Touche-experience-schermen-9-1024x684.jpg\" class=\"attachment-large size-large wp-image-1082\" alt=\"Fencing\" srcset=\"https:\/\/www.touche-experience.be\/app\/uploads\/2018\/12\/Touche-experience-schermen-9-1024x684.jpg 1024w, https:\/\/www.touche-experience.be\/app\/uploads\/2018\/12\/Touche-experience-schermen-9-300x200.jpg 300w, https:\/\/www.touche-experience.be\/app\/uploads\/2018\/12\/Touche-experience-schermen-9-768x513.jpg 768w, https:\/\/www.touche-experience.be\/app\/uploads\/2018\/12\/Touche-experience-schermen-9-1536x1025.jpg 1536w, https:\/\/www.touche-experience.be\/app\/uploads\/2018\/12\/Touche-experience-schermen-9-150x100.jpg 150w, https:\/\/www.touche-experience.be\/app\/uploads\/2018\/12\/Touche-experience-schermen-9.jpg 2048w\" sizes=\"(max-width: 1024px) 100vw, 1024px\" \/>\t\t\t\t\t\t\t\t\t\t\t\t\t\t\t<\/div>\n\t\t\t\t<\/div>\n\t\t\t\t\t<\/div>\n\t\t<\/div>\n\t\t\t\t\t<\/div>\n\t\t<\/section>\n\t\t\t\t<section class=\"elementor-section elementor-top-section elementor-element elementor-element-9224e49 touche-blocks elementor-reverse-mobile elementor-section-boxed elementor-section-height-default elementor-section-height-default\" data-id=\"9224e49\" data-element_type=\"section\" data-e-type=\"section\">\n\t\t\t\t\t\t<div class=\"elementor-container elementor-column-gap-wide\">\n\t\t\t\t\t<div class=\"elementor-column elementor-col-50 elementor-top-column elementor-element elementor-element-25b10de\" data-id=\"25b10de\" data-element_type=\"column\" data-e-type=\"column\">\n\t\t\t<div class=\"elementor-widget-wrap elementor-element-populated\">\n\t\t\t\t\t\t<div class=\"elementor-element elementor-element-258dab7 elementor-widget elementor-widget-image\" data-id=\"258dab7\" data-element_type=\"widget\" data-e-type=\"widget\" data-widget_type=\"image.default\">\n\t\t\t\t<div class=\"elementor-widget-container\">\n\t\t\t\t\t\t\t\t\t\t\t\t\t\t\t<img decoding=\"async\" width=\"1024\" height=\"683\" src=\"https:\/\/www.touche-experience.be\/app\/uploads\/2023\/01\/yannick-en-shauni-kruisboog-3-1024x683.jpg\" class=\"attachment-large size-large wp-image-33427\" alt=\"\" srcset=\"https:\/\/www.touche-experience.be\/app\/uploads\/2023\/01\/yannick-en-shauni-kruisboog-3-1024x683.jpg 1024w, https:\/\/www.touche-experience.be\/app\/uploads\/2023\/01\/yannick-en-shauni-kruisboog-3-300x200.jpg 300w, https:\/\/www.touche-experience.be\/app\/uploads\/2023\/01\/yannick-en-shauni-kruisboog-3-768x512.jpg 768w, https:\/\/www.touche-experience.be\/app\/uploads\/2023\/01\/yannick-en-shauni-kruisboog-3-1536x1024.jpg 1536w, https:\/\/www.touche-experience.be\/app\/uploads\/2023\/01\/yannick-en-shauni-kruisboog-3-18x12.jpg 18w, https:\/\/www.touche-experience.be\/app\/uploads\/2023\/01\/yannick-en-shauni-kruisboog-3-150x100.jpg 150w, https:\/\/www.touche-experience.be\/app\/uploads\/2023\/01\/yannick-en-shauni-kruisboog-3.jpg 1800w\" sizes=\"(max-width: 1024px) 100vw, 1024px\" \/>\t\t\t\t\t\t\t\t\t\t\t\t\t\t\t<\/div>\n\t\t\t\t<\/div>\n\t\t\t\t\t<\/div>\n\t\t<\/div>\n\t\t\t\t<div class=\"elementor-column elementor-col-50 elementor-top-column elementor-element elementor-element-c027128\" data-id=\"c027128\" data-element_type=\"column\" data-e-type=\"column\">\n\t\t\t<div class=\"elementor-widget-wrap elementor-element-populated\">\n\t\t\t\t\t\t<div class=\"elementor-element elementor-element-9ebb0bf elementor-widget elementor-widget-text-editor\" data-id=\"9ebb0bf\" data-element_type=\"widget\" data-e-type=\"widget\" data-widget_type=\"text-editor.default\">\n\t\t\t\t<div class=\"elementor-widget-container\">\n\t\t\t\t\t\t\t\t\t<h2>Our guarantee<\/h2>\n<ul>\n<li>\n<p>Professional and enthusiastic organisation<\/p>\n<\/li>\n<li>\n<p>Expert advice<\/p>\n<\/li>\n<li>\n<p>Passionate activity leaders and professional guides<\/p>\n<\/li>\n<li>\n<p>Original activities and unique locations\u202f&nbsp;<\/p>\n<\/li>\n<li>\n<p>Excellent value for money<\/p>\n<\/li>\n<li>\n<p>Seamless execution of an unforgettable experience<\/p>\n<\/li>\n<\/ul>\t\t\t\t\t\t\t\t<\/div>\n\t\t\t\t<\/div>\n\t\t\t\t\t<\/div>\n\t\t<\/div>\n\t\t\t\t\t<\/div>\n\t\t<\/section>\n\t\t\t\t<section class=\"elementor-section elementor-top-section elementor-element elementor-element-74e1616 touche-blocks elementor-section-boxed elementor-section-height-default elementor-section-height-default\" data-id=\"74e1616\" data-element_type=\"section\" data-e-type=\"section\">\n\t\t\t\t\t\t<div class=\"elementor-container elementor-column-gap-wide\">\n\t\t\t\t\t<div class=\"elementor-column elementor-col-50 elementor-top-column elementor-element elementor-element-d1b4f27\" data-id=\"d1b4f27\" data-element_type=\"column\" data-e-type=\"column\">\n\t\t\t<div class=\"elementor-widget-wrap elementor-element-populated\">\n\t\t\t\t\t\t<div class=\"elementor-element elementor-element-2858ed0 elementor-widget elementor-widget-text-editor\" data-id=\"2858ed0\" data-element_type=\"widget\" data-e-type=\"widget\" data-widget_type=\"text-editor.default\">\n\t\t\t\t<div class=\"elementor-widget-container\">\n\t\t\t\t\t\t\t\t\t<h2><span class=\"fontstyle0\">Passionate professionals<\/span><\/h2>\n<p><span class=\"fontstyle0\">Touch\u00e9 works with the right people, in the right place. Our team consists of talented instructors, experienced leaders and seasoned organisers \u2013 all driven by a passion for their respective activity.<\/span><\/p>\n<p><span class=\"fontstyle0\">We organise your event from A to Z, down to the last detail. Are you just looking for a fun activity? We will select the right entertainer for your group. Touch\u00e9 animators are carefully selected and well trained. So we guarantee you the <a href=\"https:\/\/youtu.be\/_d5UsL039_A?si=6AXSeDD1AzXJMEeK\">\u2018Touch\u00e9 Experience\u2019.<\/a> A unique experience that will stay with you for a long time.&nbsp;<\/span><\/p>\t\t\t\t\t\t\t\t<\/div>\n\t\t\t\t<\/div>\n\t\t\t\t\t<\/div>\n\t\t<\/div>\n\t\t\t\t<div class=\"elementor-column elementor-col-50 elementor-top-column elementor-element elementor-element-565b540\" data-id=\"565b540\" data-element_type=\"column\" data-e-type=\"column\">\n\t\t\t<div class=\"elementor-widget-wrap elementor-element-populated\">\n\t\t\t\t\t\t<div class=\"elementor-element elementor-element-e6de346 elementor-widget elementor-widget-image\" data-id=\"e6de346\" data-element_type=\"widget\" data-e-type=\"widget\" data-widget_type=\"image.default\">\n\t\t\t\t<div class=\"elementor-widget-container\">\n\t\t\t\t\t\t\t\t\t\t\t\t\t\t\t<img decoding=\"async\" width=\"1024\" height=\"683\" src=\"https:\/\/www.touche-experience.be\/app\/uploads\/2018\/09\/20180625_Touche-Experience_392-1024x683.jpg\" class=\"attachment-large size-large wp-image-38\" alt=\"touch\u00e9 experience activities sheep herding\" srcset=\"https:\/\/www.touche-experience.be\/app\/uploads\/2018\/09\/20180625_Touche-Experience_392-1024x683.jpg 1024w, https:\/\/www.touche-experience.be\/app\/uploads\/2018\/09\/20180625_Touche-Experience_392-300x200.jpg 300w, https:\/\/www.touche-experience.be\/app\/uploads\/2018\/09\/20180625_Touche-Experience_392-768x512.jpg 768w, https:\/\/www.touche-experience.be\/app\/uploads\/2018\/09\/20180625_Touche-Experience_392-1536x1024.jpg 1536w, https:\/\/www.touche-experience.be\/app\/uploads\/2018\/09\/20180625_Touche-Experience_392-150x100.jpg 150w, https:\/\/www.touche-experience.be\/app\/uploads\/2018\/09\/20180625_Touche-Experience_392.jpg 2048w\" sizes=\"(max-width: 1024px) 100vw, 1024px\" \/>\t\t\t\t\t\t\t\t\t\t\t\t\t\t\t<\/div>\n\t\t\t\t<\/div>\n\t\t\t\t\t<\/div>\n\t\t<\/div>\n\t\t\t\t\t<\/div>\n\t\t<\/section>\n\t\t\t\t<section class=\"elementor-section elementor-top-section elementor-element elementor-element-139335d elementor-section-boxed elementor-section-height-default elementor-section-height-default\" data-id=\"139335d\" data-element_type=\"section\" data-e-type=\"section\">\n\t\t\t\t\t\t<div class=\"elementor-container elementor-column-gap-default\">\n\t\t\t\t\t<div class=\"elementor-column elementor-col-100 elementor-top-column elementor-element elementor-element-1c70b85\" data-id=\"1c70b85\" data-element_type=\"column\" data-e-type=\"column\">\n\t\t\t<div class=\"elementor-widget-wrap elementor-element-populated\">\n\t\t\t\t\t\t<div class=\"elementor-element elementor-element-34c2fe7 elementor-widget-divider--view-line elementor-widget elementor-widget-divider\" data-id=\"34c2fe7\" data-element_type=\"widget\" data-e-type=\"widget\" data-widget_type=\"divider.default\">\n\t\t\t\t<div class=\"elementor-widget-container\">\n\t\t\t\t\t\t\t<div class=\"elementor-divider\">\n\t\t\t<span class=\"elementor-divider-separator\">\n\t\t\t\t\t\t<\/span>\n\t\t<\/div>\n\t\t\t\t\t\t<\/div>\n\t\t\t\t<\/div>\n\t\t\t\t\t<\/div>\n\t\t<\/div>\n\t\t\t\t\t<\/div>\n\t\t<\/section>\n\t\t\t\t<section class=\"elementor-section elementor-top-section elementor-element elementor-element-37ea5ea team-heading elementor-section-boxed elementor-section-height-default elementor-section-height-default\" data-id=\"37ea5ea\" data-element_type=\"section\" data-e-type=\"section\">\n\t\t\t\t\t\t<div class=\"elementor-container elementor-column-gap-default\">\n\t\t\t\t\t<div class=\"elementor-column elementor-col-100 elementor-top-column elementor-element elementor-element-d74d334\" data-id=\"d74d334\" data-element_type=\"column\" data-e-type=\"column\">\n\t\t\t<div class=\"elementor-widget-wrap elementor-element-populated\">\n\t\t\t\t\t\t<div class=\"elementor-element elementor-element-c425826 page-subheading elementor-widget elementor-widget-text-editor\" data-id=\"c425826\" data-element_type=\"widget\" data-e-type=\"widget\" data-widget_type=\"text-editor.default\">\n\t\t\t\t<div class=\"elementor-widget-container\">\n\t\t\t\t\t\t\t\t\t<h2>Team Touch\u00e9<\/h2><h4><span class=\"fontstyle0\">Our team possesses that rare combination of expertise, experience and a no-nonsense approach. The result? We go all-in every time. So you get to enjoy the very best experience. The \u2018Touch\u00e9 Experience\u2019.<\/span><\/h4><h4><span class=\"fontstyle0\"><br \/>Got a question? Want to know more about the locations or supervision?\u00a0<\/span><span class=\"fontstyle0\"><a href=\"https:\/\/www.touche-experience.be\/en\/contact\/\">Feel free to ask us anything<\/a>.<\/span><\/h4>\t\t\t\t\t\t\t\t<\/div>\n\t\t\t\t<\/div>\n\t\t\t\t\t<\/div>\n\t\t<\/div>\n\t\t\t\t\t<\/div>\n\t\t<\/section>\n\t\t\t\t<section class=\"elementor-section elementor-top-section elementor-element elementor-element-6069f6e elementor-section-boxed elementor-section-height-default elementor-section-height-default\" data-id=\"6069f6e\" data-element_type=\"section\" data-e-type=\"section\">\n\t\t\t\t\t\t<div class=\"elementor-container elementor-column-gap-default\">\n\t\t\t\t\t<div class=\"elementor-column elementor-col-100 elementor-top-column elementor-element elementor-element-0e0201c\" data-id=\"0e0201c\" data-element_type=\"column\" data-e-type=\"column\">\n\t\t\t<div class=\"elementor-widget-wrap elementor-element-populated\">\n\t\t\t\t\t\t<div class=\"elementor-element elementor-element-d0cb3af elementor-widget elementor-widget-touche-team-block\" data-id=\"d0cb3af\" data-element_type=\"widget\" data-e-type=\"widget\" data-widget_type=\"touche-team-block.default\">\n\t\t\t\t<div class=\"elementor-widget-container\">\n\t\t\t\t\t<div class=\"row contact-block\">\n                    <div class=\"col-4 member\">\n                                      <img decoding=\"async\" class=\"rounded\" src=\"https:\/\/www.touche-experience.be\/app\/uploads\/2019\/03\/frederik-500x500.jpg\" alt=\"Frederick\">\n                        <div class=\"title d-none d-sm-block\">\n              <h4>Frederick<\/h4>\n                              <h5>Business Manager <\/h5>\n                                            <p class=\"bio\">frederik@touche-experience.be <br \/>\r\nMobile: +32477380177<\/p>\n                                        <\/div>\n          <\/div>\n                  <div class=\"col-4 member\">\n                                      <img decoding=\"async\" class=\"rounded\" src=\"https:\/\/www.touche-experience.be\/app\/uploads\/2022\/01\/Yannick-500x500.jpg\" alt=\"Yannick\">\n                        <div class=\"title d-none d-sm-block\">\n              <h4>Yannick<\/h4>\n                              <h5>Event manager <\/h5>\n                                            <p class=\"bio\">Yannick@touche-experience.be<br \/>\r\nMobile: +32471946728<\/p>\n                                        <\/div>\n          <\/div>\n                  <div class=\"col-4 member\">\n                                      <img decoding=\"async\" class=\"rounded\" src=\"https:\/\/www.touche-experience.be\/app\/uploads\/2026\/01\/senne-500x500.jpg\" alt=\"Senne\">\n                        <div class=\"title d-none d-sm-block\">\n              <h4>Senne<\/h4>\n                              <h5>Event manager <\/h5>\n                                            <p class=\"bio\"><\/p>\n                                        <\/div>\n          <\/div>\n          <\/div>\n\t\t\t\t<\/div>\n\t\t\t\t<\/div>\n\t\t\t\t\t<\/div>\n\t\t<\/div>\n\t\t\t\t\t<\/div>\n\t\t<\/section>\n\t\t\t\t<\/div>","protected":false},"excerpt":{"rendered":"<p>Over Touch\u00e9 Touch\u00e9 Experience startte 18 jaar geleden, met bescheiden initiaties &amp; demonstraties schermen. Jaar na jaar groeide ons aanbod en cli\u00ebnteel. Vandaag vind je bij Touch\u00e9 een waaier aan verrassende activiteiten op buitengewone locaties. Touch\u00e9 wil zich niet beperken tot \u2018the happy few\u2019. Integendeel, we willen dat iedereen \u2018The Experience\u2019 kan ervaren. Daarom leveren<\/p>","protected":false},"author":1,"featured_media":0,"parent":0,"menu_order":0,"comment_status":"closed","ping_status":"closed","template":"","meta":{"footnotes":""},"class_list":["post-270","page","type-page","status-publish","hentry"],"acf":[],"yoast_head":"<title>Over Touch\u00e9 - Touch\u00e9 Experience<\/title>\n<meta name=\"description\" content=\"Ontdek Touch\u00e9: 15 jaar verrassende activiteiten op bijzondere locaties. Maatwerk voor iedereen, afgestemd op jouw wensen en budget.\" \/>\n<meta name=\"robots\" content=\"index, follow, max-snippet:-1, max-image-preview:large, max-video-preview:-1\" \/>\n<link rel=\"canonical\" href=\"https:\/\/www.touche-experience.be\/en\/about-touche\/\" \/>\n<meta property=\"og:locale\" content=\"en_GB\" \/>\n<meta property=\"og:type\" content=\"article\" \/>\n<meta property=\"og:title\" content=\"Over Touch\u00e9 - Touch\u00e9 Experience\" \/>\n<meta property=\"og:description\" content=\"Ontdek Touch\u00e9: 15 jaar verrassende activiteiten op bijzondere locaties. Maatwerk voor iedereen, afgestemd op jouw wensen en budget.\" \/>\n<meta property=\"og:url\" content=\"https:\/\/www.touche-experience.be\/en\/about-touche\/\" \/>\n<meta property=\"og:site_name\" content=\"Touch\u00e9 Experience\" \/>\n<meta property=\"article:modified_time\" content=\"2026-04-28T08:13:28+00:00\" \/>\n<meta property=\"og:image\" content=\"https:\/\/www.touche-experience.be\/app\/uploads\/2018\/12\/Touche-experience-schermen-9.jpg\" \/>\n\t<meta property=\"og:image:width\" content=\"2048\" \/>\n\t<meta property=\"og:image:height\" content=\"1367\" \/>\n\t<meta property=\"og:image:type\" content=\"image\/jpeg\" \/>\n<meta name=\"twitter:card\" content=\"summary_large_image\" \/>\n<meta name=\"twitter:label1\" content=\"Estimated reading time\" \/>\n\t<meta name=\"twitter:data1\" content=\"3 minutes\" \/>\n<script type=\"application\/ld+json\" class=\"yoast-schema-graph\">{\"@context\":\"https:\\\/\\\/schema.org\",\"@graph\":[{\"@type\":\"WebPage\",\"@id\":\"https:\\\/\\\/www.touche-experience.be\\\/over-touche\\\/\",\"url\":\"https:\\\/\\\/www.touche-experience.be\\\/over-touche\\\/\",\"name\":\"Over Touch\u00e9 - Touch\u00e9 Experience\",\"isPartOf\":{\"@id\":\"https:\\\/\\\/www.touche-experience.be\\\/#website\"},\"primaryImageOfPage\":{\"@id\":\"https:\\\/\\\/www.touche-experience.be\\\/over-touche\\\/#primaryimage\"},\"image\":{\"@id\":\"https:\\\/\\\/www.touche-experience.be\\\/over-touche\\\/#primaryimage\"},\"thumbnailUrl\":\"https:\\\/\\\/www.touche-experience.be\\\/app\\\/uploads\\\/2018\\\/12\\\/Touche-experience-schermen-9-1024x684.jpg\",\"datePublished\":\"2018-10-14T00:33:44+00:00\",\"dateModified\":\"2026-04-28T08:13:28+00:00\",\"description\":\"Ontdek Touch\u00e9: 15 jaar verrassende activiteiten op bijzondere locaties. Maatwerk voor iedereen, afgestemd op jouw wensen en budget.\",\"breadcrumb\":{\"@id\":\"https:\\\/\\\/www.touche-experience.be\\\/over-touche\\\/#breadcrumb\"},\"inLanguage\":\"en-GB\",\"potentialAction\":[{\"@type\":\"ReadAction\",\"target\":[\"https:\\\/\\\/www.touche-experience.be\\\/over-touche\\\/\"]}]},{\"@type\":\"ImageObject\",\"inLanguage\":\"en-GB\",\"@id\":\"https:\\\/\\\/www.touche-experience.be\\\/over-touche\\\/#primaryimage\",\"url\":\"https:\\\/\\\/www.touche-experience.be\\\/app\\\/uploads\\\/2018\\\/12\\\/Touche-experience-schermen-9-1024x684.jpg\",\"contentUrl\":\"https:\\\/\\\/www.touche-experience.be\\\/app\\\/uploads\\\/2018\\\/12\\\/Touche-experience-schermen-9-1024x684.jpg\"},{\"@type\":\"BreadcrumbList\",\"@id\":\"https:\\\/\\\/www.touche-experience.be\\\/over-touche\\\/#breadcrumb\",\"itemListElement\":[{\"@type\":\"ListItem\",\"position\":1,\"name\":\"Home\",\"item\":\"https:\\\/\\\/www.touche-experience.be\\\/\"},{\"@type\":\"ListItem\",\"position\":2,\"name\":\"Over Touch\u00e9\"}]},{\"@type\":\"WebSite\",\"@id\":\"https:\\\/\\\/www.touche-experience.be\\\/#website\",\"url\":\"https:\\\/\\\/www.touche-experience.be\\\/\",\"name\":\"Touch\u00e9 Experience\",\"description\":\"Originele teambuilding op de mooiste locaties\",\"potentialAction\":[{\"@type\":\"SearchAction\",\"target\":{\"@type\":\"EntryPoint\",\"urlTemplate\":\"https:\\\/\\\/www.touche-experience.be\\\/?s={search_term_string}\"},\"query-input\":{\"@type\":\"PropertyValueSpecification\",\"valueRequired\":true,\"valueName\":\"search_term_string\"}}],\"inLanguage\":\"en-GB\"}]}<\/script>","yoast_head_json":{"title":"About Touch\u00e9 - Touch\u00e9 Experience","description":"Discover Touch\u00e9: 15 years of surprising activities in unusual locations. Customised for everyone, tailored to your needs and budget.","robots":{"index":"index","follow":"follow","max-snippet":"max-snippet:-1","max-image-preview":"max-image-preview:large","max-video-preview":"max-video-preview:-1"},"canonical":"https:\/\/www.touche-experience.be\/en\/about-touche\/","og_locale":"en_GB","og_type":"article","og_title":"Over Touch\u00e9 - Touch\u00e9 Experience","og_description":"Ontdek Touch\u00e9: 15 jaar verrassende activiteiten op bijzondere locaties. Maatwerk voor iedereen, afgestemd op jouw wensen en budget.","og_url":"https:\/\/www.touche-experience.be\/en\/about-touche\/","og_site_name":"Touch\u00e9 Experience","article_modified_time":"2026-04-28T08:13:28+00:00","og_image":[{"width":2048,"height":1367,"url":"https:\/\/www.touche-experience.be\/app\/uploads\/2018\/12\/Touche-experience-schermen-9.jpg","type":"image\/jpeg"}],"twitter_card":"summary_large_image","twitter_misc":{"Estimated reading time":"3 minutes"},"schema":{"@context":"https:\/\/schema.org","@graph":[{"@type":"WebPage","@id":"https:\/\/www.touche-experience.be\/over-touche\/","url":"https:\/\/www.touche-experience.be\/over-touche\/","name":"About Touch\u00e9 - Touch\u00e9 Experience","isPartOf":{"@id":"https:\/\/www.touche-experience.be\/#website"},"primaryImageOfPage":{"@id":"https:\/\/www.touche-experience.be\/over-touche\/#primaryimage"},"image":{"@id":"https:\/\/www.touche-experience.be\/over-touche\/#primaryimage"},"thumbnailUrl":"https:\/\/www.touche-experience.be\/app\/uploads\/2018\/12\/Touche-experience-schermen-9-1024x684.jpg","datePublished":"2018-10-14T00:33:44+00:00","dateModified":"2026-04-28T08:13:28+00:00","description":"Discover Touch\u00e9: 15 years of surprising activities in unusual locations. Customised for everyone, tailored to your needs and budget.","breadcrumb":{"@id":"https:\/\/www.touche-experience.be\/over-touche\/#breadcrumb"},"inLanguage":"en-GB","potentialAction":[{"@type":"ReadAction","target":["https:\/\/www.touche-experience.be\/over-touche\/"]}]},{"@type":"ImageObject","inLanguage":"en-GB","@id":"https:\/\/www.touche-experience.be\/over-touche\/#primaryimage","url":"https:\/\/www.touche-experience.be\/app\/uploads\/2018\/12\/Touche-experience-schermen-9-1024x684.jpg","contentUrl":"https:\/\/www.touche-experience.be\/app\/uploads\/2018\/12\/Touche-experience-schermen-9-1024x684.jpg"},{"@type":"BreadcrumbList","@id":"https:\/\/www.touche-experience.be\/over-touche\/#breadcrumb","itemListElement":[{"@type":"ListItem","position":1,"name":"Home","item":"https:\/\/www.touche-experience.be\/"},{"@type":"ListItem","position":2,"name":"Over Touch\u00e9"}]},{"@type":"WebSite","@id":"https:\/\/www.touche-experience.be\/#website","url":"https:\/\/www.touche-experience.be\/","name":"Touch\u00e9 Experience","description":"Original team building at the most beautiful locations","potentialAction":[{"@type":"SearchAction","target":{"@type":"EntryPoint","urlTemplate":"https:\/\/www.touche-experience.be\/?s={search_term_string}"},"query-input":{"@type":"PropertyValueSpecification","valueRequired":true,"valueName":"search_term_string"}}],"inLanguage":"en-GB"}]}},"_links":{"self":[{"href":"https:\/\/www.touche-experience.be\/en\/wp-json\/wp\/v2\/pages\/270","targetHints":{"allow":["GET"]}}],"collection":[{"href":"https:\/\/www.touche-experience.be\/en\/wp-json\/wp\/v2\/pages"}],"about":[{"href":"https:\/\/www.touche-experience.be\/en\/wp-json\/wp\/v2\/types\/page"}],"author":[{"embeddable":true,"href":"https:\/\/www.touche-experience.be\/en\/wp-json\/wp\/v2\/users\/1"}],"replies":[{"embeddable":true,"href":"https:\/\/www.touche-experience.be\/en\/wp-json\/wp\/v2\/comments?post=270"}],"version-history":[{"count":70,"href":"https:\/\/www.touche-experience.be\/en\/wp-json\/wp\/v2\/pages\/270\/revisions"}],"predecessor-version":[{"id":36027,"href":"https:\/\/www.touche-experience.be\/en\/wp-json\/wp\/v2\/pages\/270\/revisions\/36027"}],"wp:attachment":[{"href":"https:\/\/www.touche-experience.be\/en\/wp-json\/wp\/v2\/media?parent=270"}],"curies":[{"name":"wp","href":"https:\/\/api.w.org\/{rel}","templated":true}]}}