{"id":1855,"date":"2019-01-09T05:27:59","date_gmt":"2019-01-09T04:27:59","guid":{"rendered":"https:\/\/www.touche-experience.be\/?page_id=1855"},"modified":"2019-12-21T20:25:37","modified_gmt":"2019-12-21T19:25:37","slug":"biscuits","status":"publish","type":"page","link":"https:\/\/www.touche-experience.be\/fr\/cookies\/","title":{"rendered":"Cookies"},"content":{"rendered":"<div data-elementor-type=\"wp-post\" data-elementor-id=\"1855\" class=\"elementor elementor-1855\" data-elementor-post-type=\"page\">\n\t\t\t\t\t\t<section class=\"elementor-section elementor-top-section elementor-element elementor-element-1474fb6b elementor-section-boxed elementor-section-height-default elementor-section-height-default\" data-id=\"1474fb6b\" data-element_type=\"section\" data-e-type=\"section\">\n\t\t\t\t\t\t<div class=\"elementor-container elementor-column-gap-default\">\n\t\t\t\t\t<div class=\"elementor-column elementor-col-100 elementor-top-column elementor-element elementor-element-6c3309c9\" data-id=\"6c3309c9\" data-element_type=\"column\" data-e-type=\"column\">\n\t\t\t<div class=\"elementor-widget-wrap elementor-element-populated\">\n\t\t\t\t\t\t<div class=\"elementor-element elementor-element-84409de elementor-widget elementor-widget-button\" data-id=\"84409de\" data-element_type=\"widget\" data-e-type=\"widget\" data-widget_type=\"button.default\">\n\t\t\t\t<div class=\"elementor-widget-container\">\n\t\t\t\t\t\t\t\t\t<div class=\"elementor-button-wrapper\">\n\t\t\t\t\t<a class=\"elementor-button elementor-button-link elementor-size-md\" href=\"#gdpr_cookie_modal\">\n\t\t\t\t\t\t<span class=\"elementor-button-content-wrapper\">\n\t\t\t\t\t\t<span class=\"elementor-button-icon\">\n\t\t\t\t\t\t\t\t\t<i class=\"fa fa-gears\" aria-hidden=\"true\"><\/i>\n\t\t\t\t\t\t\t<\/span>\n\t\t\t\t\t\t\t\t\t<span class=\"elementor-button-text\">Modifier les param\u00e8tres des cookies<\/span>\n\t\t\t\t\t<\/span>\n\t\t\t\t\t<\/a>\n\t\t\t\t<\/div>\n\t\t\t\t\t\t\t\t<\/div>\n\t\t\t\t<\/div>\n\t\t\t\t<div class=\"elementor-element elementor-element-d7ad032 touche-regtext elementor-widget elementor-widget-text-editor\" data-id=\"d7ad032\" data-element_type=\"widget\" data-e-type=\"widget\" data-widget_type=\"text-editor.default\">\n\t\t\t\t<div class=\"elementor-widget-container\">\n\t\t\t\t\t\t\t\t\t<h2>Qu'est-ce qu'un biscuit ?<\/h2><p>Notre site web utilise des cookies. Il s'agit de petits fichiers texte qui sont stock\u00e9s sur votre appareil (par exemple, ordinateur, tablette ou smartphone) lorsque vous visitez notre site web. Ils cartographient, entre autres, des informations sur votre type de navigateur, votre syst\u00e8me d'exploitation, votre emplacement g\u00e9ographique, votre visite du site web et vos pr\u00e9f\u00e9rences personnelles. Les cookies ne peuvent pas \u00eatre utilis\u00e9s pour identifier des personnes, un cookie ne peut identifier qu'une machine.<\/p><h2>Pourquoi utilisons-nous des cookies ?<\/h2><p>Les cookies nous permettent de vous offrir la meilleure exp\u00e9rience utilisateur possible :<\/p><ul><li>Nous conservons vos pr\u00e9f\u00e9rences afin que vous n'ayez pas \u00e0 saisir les m\u00eames informations \u00e0 plusieurs reprises lorsque vous visitez notre site web.<\/li><li>Nous pouvons am\u00e9liorer la s\u00e9curit\u00e9 et la rapidit\u00e9 de notre site web<\/li><li>Nous pouvons rendre notre marketing plus efficace afin de vous offrir un meilleur service.<\/li><\/ul><h2>Pourquoi n'utilisons-nous pas de cookies ?<\/h2><p>Nous utilisons toutes les informations que nous recueillons uniquement au sein de notre entreprise. Nous ne transmettons pas vos donn\u00e9es \u00e0 des tiers. De plus, les donn\u00e9es li\u00e9es \u00e0 vos cookies sont trait\u00e9es de mani\u00e8re anonyme.<\/p><h2>Quels sont les types de cookies et \u00e0 quoi servent-ils ?<\/h2><p>Il existe diff\u00e9rents types de cookies :<\/p><h3>1. Cookies essentiels et fonctionnels<\/h3><p>Les cookies essentiels sont strictement n\u00e9cessaires au bon fonctionnement d'un site web. Les cookies fonctionnels ne sont pas strictement n\u00e9cessaires, mais permettent d'am\u00e9liorer l'exp\u00e9rience de l'utilisateur sur notre site web. Ces cookies ne peuvent pas \u00eatre d\u00e9sactiv\u00e9s. Sans ces cookies, le site web ne peut pas fonctionner correctement. Ces cookies ne contiennent pas de donn\u00e9es personnelles, mais gardent une trace de vos choix et pr\u00e9f\u00e9rences. Par exemple, ils se souviennent de votre choix de langue, de vos donn\u00e9es de connexion ou de la r\u00e9gion dans laquelle vous vivez.<\/p><h3>2. Cookies analytiques<\/h3><p>Les cookies analytiques recueillent des informations sur le comportement de vos visites sur notre site web ainsi que sur la performance de notre site web pendant votre visite. Toutes les donn\u00e9es des diff\u00e9rents visiteurs sont anonymis\u00e9es et agr\u00e9g\u00e9es. Il n'est donc pas possible de remonter \u00e0 des visiteurs sp\u00e9cifiques. Les informations obtenues permettent d'am\u00e9liorer le site web et d'offrir \u00e0 nos visiteurs une meilleure exp\u00e9rience d'utilisation.<\/p><h3>3. Cookies de marketing ou de ciblage<\/h3><p>Les cookies de marketing ou de ciblage recueillent des informations sur le comportement de vos visites sur notre site web et \u00e9tablissent un profil d'utilisateur sur cette base. Ce profil est ensuite utilis\u00e9 pour rendre l'exp\u00e9rience de navigation plus personnelle et pertinente. Vous recevrez ainsi des offres et des publicit\u00e9s personnalis\u00e9es correspondant \u00e0 vos centres d'int\u00e9r\u00eat. Sans ces cookies, les publicit\u00e9s peuvent toujours \u00eatre affich\u00e9es, mais elles seront moins pertinentes pour vous.<\/p><h2>Quels sont les cookies que nous pla\u00e7ons ?<\/h2><h3>Cookies de premi\u00e8re partie<\/h3><p>Les cookies de premi\u00e8re partie sont des cookies que nous installons directement pour am\u00e9liorer votre exp\u00e9rience d'utilisateur sur notre site web. Ils ne collectent que des informations sur notre propre site web et sont n\u00e9cessaires au fonctionnement technique du site. Ces cookies m\u00e9morisent \u00e9galement certains \u00e9l\u00e9ments, notamment le choix de la langue, les donn\u00e9es de connexion, les pages visit\u00e9es et le temps pass\u00e9 sur le site web.<\/p><p><strong>Les cookies ci-dessous s'appliquent \u00e0 chaque visiteur :<\/strong><\/p><h4>moove_gdpr_popup<\/h4><ul><li>Type : fonctionnel<\/li><li>Dur\u00e9e de vie : 1 an<\/li><li>Objectif : m\u00e9moriser vos pr\u00e9f\u00e9rences en mati\u00e8re de cookies<\/li><\/ul><h4>touche_gclid<\/h4><ul><li>Type : fonctionnel<\/li><li>Dur\u00e9e de vie : 30 jours<\/li><li>Objectif : d\u00e9terminer si vous \u00eates arriv\u00e9 sur le site via Google Ads.<\/li><\/ul><h4>wfwaf-authcookie-*<\/h4><ul><li>Type : fonctionnel<\/li><li>Dur\u00e9e de vie : 24 heures<\/li><li>Objet : v\u00e9rification de la demande de connexion de l'utilisateur (s\u00e9curit\u00e9)<\/li><\/ul><p><strong>Les cookies ci-dessous ne s'appliquent dans la plupart des cas qu'aux utilisateurs connect\u00e9s :<\/strong><\/p><h4>wordpress_logged_in_*<\/h4><ul><li>Type : fonctionnel<\/li><li>Dur\u00e9e de vie : session<\/li><li>Objectif : soutenir la fonctionnalit\u00e9 de connexion<\/li><\/ul><h4>wordpress_test_cookie<\/h4><ul><li>Type : fonctionnel<\/li><li>Dur\u00e9e de vie : session<\/li><li>Objet : v\u00e9rification de la prise en charge des cookies<\/li><\/ul><h4>wp-settings-1, wp-settings-time-1<\/h4><ul><li>Type : fonctionnel<\/li><li>Dur\u00e9e de vie : 1 an<\/li><li>Objectif : m\u00e9moriser les param\u00e8tres (s'applique uniquement aux utilisateurs connect\u00e9s)<\/li><\/ul><h4>wordpress_sec_*<\/h4><ul><li>Type : fonctionnel<\/li><li>Dur\u00e9e de vie : session<\/li><li>Objet : gestion de vos donn\u00e9es d'authentification (uniquement pour les utilisateurs connect\u00e9s)<\/li><\/ul><h3>Cookies de tiers<\/h3><p>Les cookies de tiers sont des cookies plac\u00e9s par des tiers par l'interm\u00e9diaire de notre site web. Il s'agit par exemple de Google et de Facebook. Ces cookies suivent le comportement de navigation des utilisateurs et cr\u00e9ent un profil d'utilisateur sur la base de ces donn\u00e9es. Toutes les donn\u00e9es collect\u00e9es sont anonymes et ne permettent pas d'identifier les personnes.<\/p><p>Pour Google Analytics, nous avons conclu un accord de traitement avec Google. <strong>en conformit\u00e9 avec la l\u00e9gislation GDPR<\/strong>. Les adresses IP restent anonymes, nous utilisons toujours une connexion SSL s\u00e9curis\u00e9e, nous ne partageons pas les donn\u00e9es avec Google et nous conservons les donn\u00e9es li\u00e9es pendant 26 mois au maximum.<\/p><p><strong>Vue d'ensemble des cookies de tiers :<\/strong><\/p><h4>_ga (Google Analytics)<\/h4><ul><li>Type : analytique<\/li><li>Dur\u00e9e de vie : 2 ans<\/li><li>Objectif : distinguer les utilisateurs<\/li><\/ul><h4>_gid (Google Analytics)<\/h4><ul><li>Type : analytique<\/li><li>Dur\u00e9e de vie : 24 heures<\/li><li>Objectif : distinguer les utilisateurs<\/li><\/ul><h4>_gat (Google Analytics)<\/h4><ul><li>Type : analytique<\/li><li>Dur\u00e9e de vie : 1 minute<\/li><li>Objectif : r\u00e9duire le nombre de demandes (performance)<\/li><\/ul><h4>AMP_TOKEN (Google Analytics)<\/h4><ul><li>Type : analytique<\/li><li>Dur\u00e9e de vie : de 30 secondes \u00e0 1 an<\/li><li>Objet : contient un jeton permettant d'obtenir l'identifiant du client aupr\u00e8s du service AMP Client ID.<\/li><\/ul><h4>NID ; HSID, SSID, APISID, SAPISID (Google)<\/h4><ul><li>Type : marketing<\/li><li>Dur\u00e9e de vie : max. 1 an<\/li><li>Objectif : utiliser un identifiant unique pour m\u00e9moriser l'appareil de l'utilisateur afin d'afficher des publicit\u00e9s plus pertinentes.<\/li><\/ul><h2>Puis-je d\u00e9sactiver les cookies ?<\/h2><p>Notre site web offre la possibilit\u00e9 de d\u00e9sactiver certains cookies de tiers. <a href=\"#gdpr_cookie_modal\">Cliquez ici pour modifier les param\u00e8tres des cookies.<\/a> Vous souhaitez d\u00e9sactiver ou supprimer tous les cookies ? Vous pouvez le faire en cochant la case <a href=\"https:\/\/www.google.be\/search?q=cookies+uitschakelen\" target=\"_blank\" rel=\"noopener\">modifier les param\u00e8tres de votre navigateur<\/a>.<\/p><h2>Modifiabilit\u00e9<\/h2><p>Nous nous r\u00e9servons le droit de modifier cette politique en mati\u00e8re de cookies si n\u00e9cessaire. Cette politique en mati\u00e8re de cookies a \u00e9t\u00e9 modifi\u00e9e pour la derni\u00e8re fois le 9 janvier 2019.<\/p>\t\t\t\t\t\t\t\t<\/div>\n\t\t\t\t<\/div>\n\t\t\t\t\t<\/div>\n\t\t<\/div>\n\t\t\t\t\t<\/div>\n\t\t<\/section>\n\t\t\t\t<\/div>","protected":false},"excerpt":{"rendered":"<p>Modifier les param\u00e8tres des cookies Qu'est-ce qu'un cookie ? Notre site web utilise des cookies. Il s'agit de petits fichiers texte qui sont stock\u00e9s sur votre appareil (par exemple, ordinateur, tablette ou smartphone) lorsque vous visitez notre site web. Ils enregistrent notamment des informations sur votre type de navigateur, votre syst\u00e8me d'exploitation, votre emplacement g\u00e9ographique, votre visite du site web et vos pr\u00e9f\u00e9rences personnelles. Les cookies ne peuvent pas \u00eatre utilis\u00e9s<\/p>","protected":false},"author":1,"featured_media":0,"parent":0,"menu_order":0,"comment_status":"closed","ping_status":"closed","template":"","meta":{"footnotes":""},"class_list":["post-1855","page","type-page","status-publish","hentry"],"acf":[],"yoast_head":"<title>Cookies - Touch\u00e9 Experience<\/title>\n<meta name=\"robots\" content=\"index, follow, max-snippet:-1, max-image-preview:large, max-video-preview:-1\" \/>\n<link rel=\"canonical\" href=\"https:\/\/www.touche-experience.be\/fr\/biscuits\/\" \/>\n<meta property=\"og:locale\" content=\"fr_FR\" \/>\n<meta property=\"og:type\" content=\"article\" \/>\n<meta property=\"og:title\" content=\"Cookies - Touch\u00e9 Experience\" \/>\n<meta property=\"og:description\" content=\"Cookie instellingen wijzigen Wat zijn cookies? Onze website maakt gebruik van cookies. Dat zijn kleine tekstbestanden die op je apparaat (bv. computer, tablet of smartphone) worden opgeslagen wanneer je onze website bezoekt. Ze brengen onder andere informatie over je browsertype, besturingssysteem, geografische locatie, het websitebezoek en je persoonlijke voorkeuren in kaart.\u00a0Cookies kunnen niet worden gebruikt\" \/>\n<meta property=\"og:url\" content=\"https:\/\/www.touche-experience.be\/fr\/biscuits\/\" \/>\n<meta property=\"og:site_name\" content=\"Touch\u00e9 Experience\" \/>\n<meta property=\"article:modified_time\" content=\"2019-12-21T19:25:37+00:00\" \/>\n<meta name=\"twitter:card\" content=\"summary_large_image\" \/>\n<meta name=\"twitter:label1\" content=\"Temps de lecture estim\u00e9\" \/>\n\t<meta name=\"twitter:data1\" content=\"4 minutes\" \/>\n<script type=\"application\/ld+json\" class=\"yoast-schema-graph\">{\"@context\":\"https:\\\/\\\/schema.org\",\"@graph\":[{\"@type\":\"WebPage\",\"@id\":\"https:\\\/\\\/www.touche-experience.be\\\/cookies\\\/\",\"url\":\"https:\\\/\\\/www.touche-experience.be\\\/cookies\\\/\",\"name\":\"Cookies - Touch\u00e9 Experience\",\"isPartOf\":{\"@id\":\"https:\\\/\\\/www.touche-experience.be\\\/#website\"},\"datePublished\":\"2019-01-09T04:27:59+00:00\",\"dateModified\":\"2019-12-21T19:25:37+00:00\",\"breadcrumb\":{\"@id\":\"https:\\\/\\\/www.touche-experience.be\\\/cookies\\\/#breadcrumb\"},\"inLanguage\":\"fr-BE\",\"potentialAction\":[{\"@type\":\"ReadAction\",\"target\":[\"https:\\\/\\\/www.touche-experience.be\\\/cookies\\\/\"]}]},{\"@type\":\"BreadcrumbList\",\"@id\":\"https:\\\/\\\/www.touche-experience.be\\\/cookies\\\/#breadcrumb\",\"itemListElement\":[{\"@type\":\"ListItem\",\"position\":1,\"name\":\"Home\",\"item\":\"https:\\\/\\\/www.touche-experience.be\\\/\"},{\"@type\":\"ListItem\",\"position\":2,\"name\":\"Cookies\"}]},{\"@type\":\"WebSite\",\"@id\":\"https:\\\/\\\/www.touche-experience.be\\\/#website\",\"url\":\"https:\\\/\\\/www.touche-experience.be\\\/\",\"name\":\"Touch\u00e9 Experience\",\"description\":\"Originele teambuilding op de mooiste locaties\",\"potentialAction\":[{\"@type\":\"SearchAction\",\"target\":{\"@type\":\"EntryPoint\",\"urlTemplate\":\"https:\\\/\\\/www.touche-experience.be\\\/?s={search_term_string}\"},\"query-input\":{\"@type\":\"PropertyValueSpecification\",\"valueRequired\":true,\"valueName\":\"search_term_string\"}}],\"inLanguage\":\"fr-BE\"}]}<\/script>","yoast_head_json":{"title":"Cookies - Touch\u00e9 Experience","robots":{"index":"index","follow":"follow","max-snippet":"max-snippet:-1","max-image-preview":"max-image-preview:large","max-video-preview":"max-video-preview:-1"},"canonical":"https:\/\/www.touche-experience.be\/fr\/biscuits\/","og_locale":"fr_FR","og_type":"article","og_title":"Cookies - Touch\u00e9 Experience","og_description":"Cookie instellingen wijzigen Wat zijn cookies? Onze website maakt gebruik van cookies. Dat zijn kleine tekstbestanden die op je apparaat (bv. computer, tablet of smartphone) worden opgeslagen wanneer je onze website bezoekt. Ze brengen onder andere informatie over je browsertype, besturingssysteem, geografische locatie, het websitebezoek en je persoonlijke voorkeuren in kaart.\u00a0Cookies kunnen niet worden gebruikt","og_url":"https:\/\/www.touche-experience.be\/fr\/biscuits\/","og_site_name":"Touch\u00e9 Experience","article_modified_time":"2019-12-21T19:25:37+00:00","twitter_card":"summary_large_image","twitter_misc":{"Temps de lecture estim\u00e9":"4 minutes"},"schema":{"@context":"https:\/\/schema.org","@graph":[{"@type":"WebPage","@id":"https:\/\/www.touche-experience.be\/cookies\/","url":"https:\/\/www.touche-experience.be\/cookies\/","name":"Cookies - Touch\u00e9 Experience","isPartOf":{"@id":"https:\/\/www.touche-experience.be\/#website"},"datePublished":"2019-01-09T04:27:59+00:00","dateModified":"2019-12-21T19:25:37+00:00","breadcrumb":{"@id":"https:\/\/www.touche-experience.be\/cookies\/#breadcrumb"},"inLanguage":"fr-BE","potentialAction":[{"@type":"ReadAction","target":["https:\/\/www.touche-experience.be\/cookies\/"]}]},{"@type":"BreadcrumbList","@id":"https:\/\/www.touche-experience.be\/cookies\/#breadcrumb","itemListElement":[{"@type":"ListItem","position":1,"name":"Home","item":"https:\/\/www.touche-experience.be\/"},{"@type":"ListItem","position":2,"name":"Cookies"}]},{"@type":"WebSite","@id":"https:\/\/www.touche-experience.be\/#website","url":"https:\/\/www.touche-experience.be\/","name":"Exp\u00e9rience Touch\u00e9","description":"Team building original dans les plus beaux endroits","potentialAction":[{"@type":"SearchAction","target":{"@type":"EntryPoint","urlTemplate":"https:\/\/www.touche-experience.be\/?s={search_term_string}"},"query-input":{"@type":"PropertyValueSpecification","valueRequired":true,"valueName":"search_term_string"}}],"inLanguage":"fr-BE"}]}},"_links":{"self":[{"href":"https:\/\/www.touche-experience.be\/fr\/wp-json\/wp\/v2\/pages\/1855","targetHints":{"allow":["GET"]}}],"collection":[{"href":"https:\/\/www.touche-experience.be\/fr\/wp-json\/wp\/v2\/pages"}],"about":[{"href":"https:\/\/www.touche-experience.be\/fr\/wp-json\/wp\/v2\/types\/page"}],"author":[{"embeddable":true,"href":"https:\/\/www.touche-experience.be\/fr\/wp-json\/wp\/v2\/users\/1"}],"replies":[{"embeddable":true,"href":"https:\/\/www.touche-experience.be\/fr\/wp-json\/wp\/v2\/comments?post=1855"}],"version-history":[{"count":14,"href":"https:\/\/www.touche-experience.be\/fr\/wp-json\/wp\/v2\/pages\/1855\/revisions"}],"predecessor-version":[{"id":11438,"href":"https:\/\/www.touche-experience.be\/fr\/wp-json\/wp\/v2\/pages\/1855\/revisions\/11438"}],"wp:attachment":[{"href":"https:\/\/www.touche-experience.be\/fr\/wp-json\/wp\/v2\/media?parent=1855"}],"curies":[{"name":"wp","href":"https:\/\/api.w.org\/{rel}","templated":true}]}}