{"id":22365,"date":"2023-11-29T14:00:40","date_gmt":"2023-11-29T13:00:40","guid":{"rendered":"https:\/\/www.touche-experience.be\/?page_id=22365"},"modified":"2024-03-20T22:24:42","modified_gmt":"2024-03-20T21:24:42","slug":"team-building-a-leuven","status":"publish","type":"page","link":"https:\/\/www.touche-experience.be\/fr\/teambuilding-in-leuven\/","title":{"rendered":"Teambuilding \u00e0 Louvain"},"content":{"rendered":"<div data-elementor-type=\"wp-post\" data-elementor-id=\"22365\" class=\"elementor elementor-22365\" data-elementor-post-type=\"page\">\n\t\t\t\t\t\t<section class=\"elementor-section elementor-top-section elementor-element elementor-element-4bfa1a6 touche-blocks elementor-section-boxed elementor-section-height-default elementor-section-height-default\" data-id=\"4bfa1a6\" data-element_type=\"section\" data-e-type=\"section\">\n\t\t\t\t\t\t<div class=\"elementor-container elementor-column-gap-wide\">\n\t\t\t\t\t<div class=\"elementor-column elementor-col-50 elementor-top-column elementor-element elementor-element-6b2c136\" data-id=\"6b2c136\" data-element_type=\"column\" data-e-type=\"column\">\n\t\t\t<div class=\"elementor-widget-wrap elementor-element-populated\">\n\t\t\t\t\t\t<div class=\"elementor-element elementor-element-91621ab elementor-widget elementor-widget-text-editor\" data-id=\"91621ab\" data-element_type=\"widget\" data-e-type=\"widget\" data-widget_type=\"text-editor.default\">\n\t\t\t\t<div class=\"elementor-widget-container\">\n\t\t\t\t\t\t\t\t\t<h2>SP\u00c9CIALISTE DU TEAMBUILDING DANS DES LIEUX UNIQUES<\/h2><p>\u00c0 la recherche d'un <a href=\"https:\/\/www.touche-experience.be\/fr\/teambuilding\/\">une activit\u00e9 originale de teambuilding ou de groupe\u00a0<\/a> \u00e0 Louvain ?<\/p><p>Sp\u00e9cialis\u00e9 dans le team building et les activit\u00e9s de groupe, Touch\u00e9 Experience organise des \u00e9v\u00e9nements de team building pour tous ceux qui souhaitent vivre une exp\u00e9rience hors du commun. Les ingr\u00e9dients fixes ? Des lieux extraordinaires et des activit\u00e9s surprenantes adapt\u00e9es \u00e0 vos besoins et \u00e0 votre groupe.<\/p><p>Consultez \u00e9galement notre <a href=\"https:\/\/www.touche-experience.be\/fr\/activites-de-teambuilding-en-ligne-ou-virtuelles\/\">activit\u00e9s de teambuilding en ligne ou virtuelles<\/a>Un jeu d'\u00e9vasion en ligne pour renforcer l'esprit d'\u00e9quipe, un quiz amusant pour mieux conna\u00eetre vos coll\u00e8gues, un jeu sur le climat ou un webinaire instructif sur l'\u00e9nergie au travail.<\/p>\t\t\t\t\t\t\t\t<\/div>\n\t\t\t\t<\/div>\n\t\t\t\t\t<\/div>\n\t\t<\/div>\n\t\t\t\t<div class=\"elementor-column elementor-col-50 elementor-top-column elementor-element elementor-element-ce54f66\" data-id=\"ce54f66\" data-element_type=\"column\" data-e-type=\"column\">\n\t\t\t<div class=\"elementor-widget-wrap elementor-element-populated\">\n\t\t\t\t\t\t<div class=\"elementor-element elementor-element-b52a5a4 elementor-widget elementor-widget-video\" data-id=\"b52a5a4\" data-element_type=\"widget\" data-e-type=\"widget\" data-settings=\"{&quot;youtube_url&quot;:&quot;https:\\\/\\\/www.youtube.com\\\/watch?v=_d5UsL039_A&quot;,&quot;show_image_overlay&quot;:&quot;yes&quot;,&quot;image_overlay&quot;:{&quot;url&quot;:&quot;https:\\\/\\\/www.touche-experience.be\\\/app\\\/uploads\\\/2019\\\/01\\\/Touch\\u00e959-min-scaled.jpg&quot;,&quot;id&quot;:7444,&quot;size&quot;:&quot;&quot;},&quot;video_type&quot;:&quot;youtube&quot;,&quot;controls&quot;:&quot;yes&quot;}\" data-widget_type=\"video.default\">\n\t\t\t\t<div class=\"elementor-widget-container\">\n\t\t\t\t\t\t\t<div class=\"elementor-wrapper elementor-open-inline\">\n\t\t\t<div class=\"elementor-video\"><\/div>\t\t\t\t<div class=\"elementor-custom-embed-image-overlay\" style=\"background-image: url(https:\/\/www.touche-experience.be\/app\/uploads\/2019\/01\/Touch\u00e959-min-scaled.jpg);\">\n\t\t\t\t\t\t\t\t\t\t\t\t\t\t\t\t<div class=\"elementor-custom-embed-play\" role=\"button\" aria-label=\"Lire la vid\u00e9o\" tabindex=\"0\">\n\t\t\t\t\t\t\t<i aria-hidden=\"true\" class=\"eicon-play\"><\/i>\t\t\t\t\t\t<\/div>\n\t\t\t\t\t\t\t\t\t<\/div>\n\t\t\t\t\t<\/div>\n\t\t\t\t\t\t<\/div>\n\t\t\t\t<\/div>\n\t\t\t\t\t<\/div>\n\t\t<\/div>\n\t\t\t\t\t<\/div>\n\t\t<\/section>\n\t\t\t\t<section class=\"elementor-section elementor-top-section elementor-element elementor-element-344c7f2 touche-blocks elementor-reverse-mobile elementor-section-boxed elementor-section-height-default elementor-section-height-default\" data-id=\"344c7f2\" data-element_type=\"section\" data-e-type=\"section\">\n\t\t\t\t\t\t<div class=\"elementor-container elementor-column-gap-wide\">\n\t\t\t\t\t<div class=\"elementor-column elementor-col-50 elementor-top-column elementor-element elementor-element-c26ce0e\" data-id=\"c26ce0e\" data-element_type=\"column\" data-e-type=\"column\">\n\t\t\t<div class=\"elementor-widget-wrap elementor-element-populated\">\n\t\t\t\t\t\t<div class=\"elementor-element elementor-element-0bc1002 elementor-widget elementor-widget-image\" data-id=\"0bc1002\" data-element_type=\"widget\" data-e-type=\"widget\" data-widget_type=\"image.default\">\n\t\t\t\t<div class=\"elementor-widget-container\">\n\t\t\t\t\t\t\t\t\t\t\t\t\t\t\t<img decoding=\"async\" src=\"https:\/\/www.touche-experience.be\/app\/uploads\/elementor\/thumbs\/Veldeman-Group-Teamdag-245-1-q1wnmmaemlmqrjurqy0eoexornu5dfvgnm5ez20irg.jpg\" title=\"VR Experience\" alt=\"VR Experience\" loading=\"lazy\" \/>\t\t\t\t\t\t\t\t\t\t\t\t\t\t\t<\/div>\n\t\t\t\t<\/div>\n\t\t\t\t\t<\/div>\n\t\t<\/div>\n\t\t\t\t<div class=\"elementor-column elementor-col-50 elementor-top-column elementor-element elementor-element-b9a408e\" data-id=\"b9a408e\" data-element_type=\"column\" data-e-type=\"column\">\n\t\t\t<div class=\"elementor-widget-wrap elementor-element-populated\">\n\t\t\t\t\t\t<div class=\"elementor-element elementor-element-0b4d207 elementor-widget elementor-widget-text-editor\" data-id=\"0b4d207\" data-element_type=\"widget\" data-e-type=\"widget\" data-widget_type=\"text-editor.default\">\n\t\t\t\t<div class=\"elementor-widget-container\">\n\t\t\t\t\t\t\t\t\t<h2>Activit\u00e9s originales de teambuilding \u00e0 Louvain.<\/h2><div><p>L'une des raisons pour lesquelles nous \"faisons toujours mouche\" ? Parce que nous disposons d'une gamme de plus de\u00a0<a href=\"https:\/\/www.touche-experience.be\/fr\/activites\/#bedrijven\" target=\"_blank\" rel=\"noopener\">35 activit\u00e9s surprenantes de teambuilding<\/a> \u00e0 Louvain. En salle ou en plein air ? En \u00e9quipe ou en individuel ? Sportif ou en VR ? Faites votre choix !<\/p><p>Pour choisir la bonne activit\u00e9 de teambuilding, il est important de tenir compte de votre public cible, de l'objectif de votre teambuilding, du lieu et du budget.<\/p><p>Aujourd'hui, le terme \"team building\" est couramment utilis\u00e9 pour d\u00e9signer une activit\u00e9 men\u00e9e en commun avec des coll\u00e8gues. L'impact du team building sur le lieu de travail est souvent sous-estim\u00e9. Le team building fonctionne et est indispensable \u00e0 toute entreprise qui souhaite se d\u00e9velopper ou fonctionner efficacement. Consultez le site <a href=\"https:\/\/www.touche-experience.be\/fr\/teambuilding\/\">les diff\u00e9rents types de team building<\/a> o\u00f9 nous avons le plus d'exp\u00e9rience.<\/p><\/div>\t\t\t\t\t\t\t\t<\/div>\n\t\t\t\t<\/div>\n\t\t\t\t\t<\/div>\n\t\t<\/div>\n\t\t\t\t\t<\/div>\n\t\t<\/section>\n\t\t\t\t<section class=\"elementor-section elementor-top-section elementor-element elementor-element-20eff82 touche-blocks elementor-section-boxed elementor-section-height-default elementor-section-height-default\" data-id=\"20eff82\" data-element_type=\"section\" data-e-type=\"section\">\n\t\t\t\t\t\t<div class=\"elementor-container elementor-column-gap-wide\">\n\t\t\t\t\t<div class=\"elementor-column elementor-col-50 elementor-top-column elementor-element elementor-element-86a7c39\" data-id=\"86a7c39\" data-element_type=\"column\" data-e-type=\"column\">\n\t\t\t<div class=\"elementor-widget-wrap elementor-element-populated\">\n\t\t\t\t\t\t<div class=\"elementor-element elementor-element-e972a5f elementor-widget elementor-widget-text-editor\" data-id=\"e972a5f\" data-element_type=\"widget\" data-e-type=\"widget\" data-widget_type=\"text-editor.default\">\n\t\t\t\t<div class=\"elementor-widget-container\">\n\t\t\t\t\t\t\t\t\t<h2>Le lieu id\u00e9al pour votre team building !<\/h2><p>Un team building organis\u00e9 dans un lieu d'exception a plus de chances de r\u00e9ussir. Chez Touch\u00e9, vous avez le choix entre un grand nombre d'activit\u00e9s et une belle s\u00e9lection de lieux de choix \u00e0 Louvain. Pensez au Faculty club, \u00e0 l'h\u00f4tel Martin's Klooster ou \u00e0 la Feestzaal De Venkel pr\u00e8s de Louvain.\u00a0\u00a0<\/p><p>Un team building \u00e0 l'endroit de votre choix ?  Nous \u00e9tudierons avec vous les possibilit\u00e9s qui s'offrent \u00e0 vous.<\/p><p>Conclure un teambuilding par une r\u00e9ception chaleureuse, un d\u00e9licieux d\u00eener avec ou sans h\u00e9bergement ?  Nous trouverons l'endroit id\u00e9al pour vous.<\/p><p>Vous souhaitez organiser un teambuilding \u00e0 un prix raisonnable ? Louvain dispose d'installations sportives bien \u00e9quip\u00e9es, comme le Centre sportif universitaire, ou de salles dans les centres culturels de Louvain et des environs.  Demandez-nous conseil \u00e0 ce sujet.<\/p>\t\t\t\t\t\t\t\t<\/div>\n\t\t\t\t<\/div>\n\t\t\t\t\t<\/div>\n\t\t<\/div>\n\t\t\t\t<div class=\"elementor-column elementor-col-50 elementor-top-column elementor-element elementor-element-a05a97c\" data-id=\"a05a97c\" data-element_type=\"column\" data-e-type=\"column\">\n\t\t\t<div class=\"elementor-widget-wrap elementor-element-populated\">\n\t\t\t\t\t\t<div class=\"elementor-element elementor-element-b312b0b video-preview elementor-widget elementor-widget-image\" data-id=\"b312b0b\" data-element_type=\"widget\" data-e-type=\"widget\" data-widget_type=\"image.default\">\n\t\t\t\t<div class=\"elementor-widget-container\">\n\t\t\t\t\t\t\t\t\t\t\t\t\t\t\t<img fetchpriority=\"high\" decoding=\"async\" width=\"768\" height=\"576\" src=\"https:\/\/www.touche-experience.be\/app\/uploads\/2024\/03\/Martins-Klooster-768x576.jpg\" class=\"attachment-medium_large size-medium_large wp-image-23041\" alt=\"\" srcset=\"https:\/\/www.touche-experience.be\/app\/uploads\/2024\/03\/Martins-Klooster-768x576.jpg 768w, https:\/\/www.touche-experience.be\/app\/uploads\/2024\/03\/Martins-Klooster-300x225.jpg 300w, https:\/\/www.touche-experience.be\/app\/uploads\/2024\/03\/Martins-Klooster-133x100.jpg 133w, https:\/\/www.touche-experience.be\/app\/uploads\/2024\/03\/Martins-Klooster.jpg 1024w\" sizes=\"(max-width: 768px) 100vw, 768px\" \/>\t\t\t\t\t\t\t\t\t\t\t\t\t\t\t<\/div>\n\t\t\t\t<\/div>\n\t\t\t\t\t<\/div>\n\t\t<\/div>\n\t\t\t\t\t<\/div>\n\t\t<\/section>\n\t\t\t\t<section class=\"elementor-section elementor-top-section elementor-element elementor-element-0b04609 elementor-section-boxed elementor-section-height-default elementor-section-height-default\" data-id=\"0b04609\" data-element_type=\"section\" data-e-type=\"section\">\n\t\t\t\t\t\t<div class=\"elementor-container elementor-column-gap-default\">\n\t\t\t\t\t<div class=\"elementor-column elementor-col-100 elementor-top-column elementor-element elementor-element-cfc23bb\" data-id=\"cfc23bb\" data-element_type=\"column\" data-e-type=\"column\">\n\t\t\t<div class=\"elementor-widget-wrap\">\n\t\t\t\t\t\t\t<\/div>\n\t\t<\/div>\n\t\t\t\t\t<\/div>\n\t\t<\/section>\n\t\t\t\t<section class=\"elementor-section elementor-top-section elementor-element elementor-element-0c26240 elementor-section-content-middle elementor-section-boxed elementor-section-height-default elementor-section-height-default\" data-id=\"0c26240\" data-element_type=\"section\" data-e-type=\"section\">\n\t\t\t\t\t\t<div class=\"elementor-container elementor-column-gap-default\">\n\t\t\t\t\t<div class=\"elementor-column elementor-col-50 elementor-top-column elementor-element elementor-element-68304d6\" data-id=\"68304d6\" data-element_type=\"column\" data-e-type=\"column\">\n\t\t\t<div class=\"elementor-widget-wrap elementor-element-populated\">\n\t\t\t\t\t\t<div class=\"elementor-element elementor-element-070c291 elementor-widget elementor-widget-touche-activity-cta\" data-id=\"070c291\" data-element_type=\"widget\" data-e-type=\"widget\" data-widget_type=\"touche-activity-cta.default\">\n\t\t\t\t<div class=\"elementor-widget-container\">\n\t\t\t\t\t<div class=\"activity-cta\">\n  <div class=\"actions\">\n    <h3>Int\u00e9ress\u00e9(e) ?<\/h3>\n    <p>Cette activit\u00e9 vous int\u00e9resse-t-elle pour votre teambuilding ? \nDemandez ici une offre ou un prix indicatif.<\/p>\n          <a class=\"btn btn-large\"  href=\"https:\/\/www.touche-experience.be\/fr\/demander-un-devis\/\">Demande de prix<\/a>\n          <\/div>\n\n      <div class=\"social-bar\">\n      <span>Partager cette page :<\/span>\n              <a class=\"social-link\" href=\"https:\/\/www.facebook.com\/sharer\/sharer.php?u=https%3A%2F%2Fwww.touche-experience.be%2Ffr%2Fteambuilding-in-leuven%2F\" target=\"_blank\"><i class=\"fab fa-facebook-f\"><\/i><\/a>\n              <a class=\"social-link\" href=\"https:\/\/twitter.com\/intent\/tweet?text=Teambuilding%20in%20Leuven%20-%20https%3A%2F%2Fwww.touche-experience.be%2Ffr%2Fteambuilding-in-leuven%2F\" target=\"_blank\"><i class=\"fab fa-x-twitter\"><\/i><\/a>\n              <a class=\"social-link\" href=\"https:\/\/www.pinterest.com\/pin\/find\/?url=https%3A%2F%2Fwww.touche-experience.be%2Ffr%2Fteambuilding-in-leuven%2F\" target=\"_blank\"><i class=\"fab fa-pinterest-p\"><\/i><\/a>\n              <a class=\"social-link\" href=\"https:\/\/www.linkedin.com\/shareArticle?mini=true&amp;url=https%3A%2F%2Fwww.touche-experience.be%2Ffr%2Fteambuilding-in-leuven%2F&amp;title=Teambuilding%20in%20Leuven&amp;summary=&amp;source=\" target=\"_blank\"><i class=\"fab fa-linkedin-in\"><\/i><\/a>\n              <a class=\"social-link\" href=\"mailto:?&amp;subject=Teambuilding%20in%20Leuven&amp;body=Teambuilding%20in%20Leuven%20-%20https%3A%2F%2Fwww.touche-experience.be%2Ffr%2Fteambuilding-in-leuven%2F\" target=\"_blank\"><i class=\"fas fa-envelope\"><\/i><\/a>\n          <\/div>\n  <\/div>\n\t\t\t\t<\/div>\n\t\t\t\t<\/div>\n\t\t\t\t\t<\/div>\n\t\t<\/div>\n\t\t\t\t<div class=\"elementor-column elementor-col-50 elementor-top-column elementor-element elementor-element-a15f09b\" data-id=\"a15f09b\" data-element_type=\"column\" data-e-type=\"column\">\n\t\t\t<div class=\"elementor-widget-wrap elementor-element-populated\">\n\t\t\t\t\t\t<div class=\"elementor-element elementor-element-a6848db video-preview elementor-widget__width-initial elementor-widget elementor-widget-image\" data-id=\"a6848db\" data-element_type=\"widget\" data-e-type=\"widget\" data-widget_type=\"image.default\">\n\t\t\t\t<div class=\"elementor-widget-container\">\n\t\t\t\t\t\t\t\t\t\t\t\t\t\t\t<img decoding=\"async\" width=\"768\" height=\"512\" src=\"https:\/\/www.touche-experience.be\/app\/uploads\/2018\/12\/laserkleiduifschieten-768x512.jpg\" class=\"attachment-medium_large size-medium_large wp-image-23016\" alt=\"Team building avec Touch\u00e9 Experience\" srcset=\"https:\/\/www.touche-experience.be\/app\/uploads\/2018\/12\/laserkleiduifschieten-768x512.jpg 768w, https:\/\/www.touche-experience.be\/app\/uploads\/2018\/12\/laserkleiduifschieten-300x200.jpg 300w, https:\/\/www.touche-experience.be\/app\/uploads\/2018\/12\/laserkleiduifschieten-1024x683.jpg 1024w, https:\/\/www.touche-experience.be\/app\/uploads\/2018\/12\/laserkleiduifschieten-1536x1024.jpg 1536w, https:\/\/www.touche-experience.be\/app\/uploads\/2018\/12\/laserkleiduifschieten-150x100.jpg 150w, https:\/\/www.touche-experience.be\/app\/uploads\/2018\/12\/laserkleiduifschieten.jpg 2048w\" sizes=\"(max-width: 768px) 100vw, 768px\" \/>\t\t\t\t\t\t\t\t\t\t\t\t\t\t\t<\/div>\n\t\t\t\t<\/div>\n\t\t\t\t\t<\/div>\n\t\t<\/div>\n\t\t\t\t\t<\/div>\n\t\t<\/section>\n\t\t\t\t<\/div>","protected":false},"excerpt":{"rendered":"<p>Sp\u00e9cialiste du teambuilding dans des lieux uniques A la recherche d'un teambuilding original ou d'une activit\u00e9 de groupe \u00e0 Louvain ? Touch\u00e9 Experience est sp\u00e9cialis\u00e9 dans le teambuilding et les activit\u00e9s de groupe et organise des \u00e9v\u00e9nements de teambuilding pour tous ceux qui souhaitent vivre une exp\u00e9rience particuli\u00e8re. Les ingr\u00e9dients fixes ? Des lieux extraordinaires et des activit\u00e9s surprenantes adapt\u00e9es \u00e0 vos souhaits et \u00e0 votre groupe. Consultez notre site web<\/p>","protected":false},"author":3,"featured_media":20475,"parent":0,"menu_order":0,"comment_status":"closed","ping_status":"closed","template":"","meta":{"footnotes":""},"class_list":["post-22365","page","type-page","status-publish","has-post-thumbnail","hentry"],"acf":[],"yoast_head":"<title>Teambuilding in Leuven - Touch\u00e9 Experience<\/title>\n<meta name=\"description\" content=\"Beleef een onvergetelijke teambuilding in Leuven. In- of outdoor Kies uit een waaier van originele activiteiten en unieke locaties.\" \/>\n<meta name=\"robots\" content=\"index, follow, max-snippet:-1, max-image-preview:large, max-video-preview:-1\" \/>\n<link rel=\"canonical\" href=\"https:\/\/www.touche-experience.be\/fr\/team-building-a-leuven\/\" \/>\n<meta property=\"og:locale\" content=\"fr_FR\" \/>\n<meta property=\"og:type\" content=\"article\" \/>\n<meta property=\"og:title\" content=\"Teambuilding in Leuven - Touch\u00e9 Experience\" \/>\n<meta property=\"og:description\" content=\"Beleef een onvergetelijke teambuilding in Leuven. In- of outdoor Kies uit een waaier van originele activiteiten en unieke locaties.\" \/>\n<meta property=\"og:url\" content=\"https:\/\/www.touche-experience.be\/fr\/team-building-a-leuven\/\" \/>\n<meta property=\"og:site_name\" content=\"Touch\u00e9 Experience\" \/>\n<meta property=\"article:modified_time\" content=\"2024-03-20T21:24:42+00:00\" \/>\n<meta property=\"og:image\" content=\"https:\/\/www.touche-experience.be\/app\/uploads\/2017\/04\/Veldeman-Group-Teamdag-238.jpg\" \/>\n\t<meta property=\"og:image:width\" content=\"2048\" \/>\n\t<meta property=\"og:image:height\" content=\"1365\" \/>\n\t<meta property=\"og:image:type\" content=\"image\/jpeg\" \/>\n<meta name=\"twitter:card\" content=\"summary_large_image\" \/>\n<meta name=\"twitter:label1\" content=\"Temps de lecture estim\u00e9\" \/>\n\t<meta name=\"twitter:data1\" content=\"5 minutes\" \/>\n<script type=\"application\/ld+json\" class=\"yoast-schema-graph\">{\"@context\":\"https:\\\/\\\/schema.org\",\"@graph\":[{\"@type\":\"WebPage\",\"@id\":\"https:\\\/\\\/www.touche-experience.be\\\/teambuilding-in-leuven\\\/\",\"url\":\"https:\\\/\\\/www.touche-experience.be\\\/teambuilding-in-leuven\\\/\",\"name\":\"Teambuilding in Leuven - Touch\u00e9 Experience\",\"isPartOf\":{\"@id\":\"https:\\\/\\\/www.touche-experience.be\\\/#website\"},\"primaryImageOfPage\":{\"@id\":\"https:\\\/\\\/www.touche-experience.be\\\/teambuilding-in-leuven\\\/#primaryimage\"},\"image\":{\"@id\":\"https:\\\/\\\/www.touche-experience.be\\\/teambuilding-in-leuven\\\/#primaryimage\"},\"thumbnailUrl\":\"https:\\\/\\\/www.touche-experience.be\\\/app\\\/uploads\\\/2017\\\/04\\\/Veldeman-Group-Teamdag-238.jpg\",\"datePublished\":\"2023-11-29T13:00:40+00:00\",\"dateModified\":\"2024-03-20T21:24:42+00:00\",\"description\":\"Beleef een onvergetelijke teambuilding in Leuven. In- of outdoor Kies uit een waaier van originele activiteiten en unieke locaties.\",\"breadcrumb\":{\"@id\":\"https:\\\/\\\/www.touche-experience.be\\\/teambuilding-in-leuven\\\/#breadcrumb\"},\"inLanguage\":\"fr-BE\",\"potentialAction\":[{\"@type\":\"ReadAction\",\"target\":[\"https:\\\/\\\/www.touche-experience.be\\\/teambuilding-in-leuven\\\/\"]}]},{\"@type\":\"ImageObject\",\"inLanguage\":\"fr-BE\",\"@id\":\"https:\\\/\\\/www.touche-experience.be\\\/teambuilding-in-leuven\\\/#primaryimage\",\"url\":\"https:\\\/\\\/www.touche-experience.be\\\/app\\\/uploads\\\/2017\\\/04\\\/Veldeman-Group-Teamdag-238.jpg\",\"contentUrl\":\"https:\\\/\\\/www.touche-experience.be\\\/app\\\/uploads\\\/2017\\\/04\\\/Veldeman-Group-Teamdag-238.jpg\",\"width\":2048,\"height\":1365},{\"@type\":\"BreadcrumbList\",\"@id\":\"https:\\\/\\\/www.touche-experience.be\\\/teambuilding-in-leuven\\\/#breadcrumb\",\"itemListElement\":[{\"@type\":\"ListItem\",\"position\":1,\"name\":\"Home\",\"item\":\"https:\\\/\\\/www.touche-experience.be\\\/\"},{\"@type\":\"ListItem\",\"position\":2,\"name\":\"Teambuilding in Leuven\"}]},{\"@type\":\"WebSite\",\"@id\":\"https:\\\/\\\/www.touche-experience.be\\\/#website\",\"url\":\"https:\\\/\\\/www.touche-experience.be\\\/\",\"name\":\"Touch\u00e9 Experience\",\"description\":\"Originele teambuilding op de mooiste locaties\",\"potentialAction\":[{\"@type\":\"SearchAction\",\"target\":{\"@type\":\"EntryPoint\",\"urlTemplate\":\"https:\\\/\\\/www.touche-experience.be\\\/?s={search_term_string}\"},\"query-input\":{\"@type\":\"PropertyValueSpecification\",\"valueRequired\":true,\"valueName\":\"search_term_string\"}}],\"inLanguage\":\"fr-BE\"}]}<\/script>","yoast_head_json":{"title":"Teambuilding \u00e0 Louvain - Touch\u00e9 Experience","description":"Vivez un teambuilding inoubliable \u00e0 Louvain. En int\u00e9rieur ou en ext\u00e9rieur Choisissez parmi une gamme d'activit\u00e9s originales et de lieux uniques.","robots":{"index":"index","follow":"follow","max-snippet":"max-snippet:-1","max-image-preview":"max-image-preview:large","max-video-preview":"max-video-preview:-1"},"canonical":"https:\/\/www.touche-experience.be\/fr\/team-building-a-leuven\/","og_locale":"fr_FR","og_type":"article","og_title":"Teambuilding in Leuven - Touch\u00e9 Experience","og_description":"Beleef een onvergetelijke teambuilding in Leuven. In- of outdoor Kies uit een waaier van originele activiteiten en unieke locaties.","og_url":"https:\/\/www.touche-experience.be\/fr\/team-building-a-leuven\/","og_site_name":"Touch\u00e9 Experience","article_modified_time":"2024-03-20T21:24:42+00:00","og_image":[{"width":2048,"height":1365,"url":"https:\/\/www.touche-experience.be\/app\/uploads\/2017\/04\/Veldeman-Group-Teamdag-238.jpg","type":"image\/jpeg"}],"twitter_card":"summary_large_image","twitter_misc":{"Temps de lecture estim\u00e9":"5 minutes"},"schema":{"@context":"https:\/\/schema.org","@graph":[{"@type":"WebPage","@id":"https:\/\/www.touche-experience.be\/teambuilding-in-leuven\/","url":"https:\/\/www.touche-experience.be\/teambuilding-in-leuven\/","name":"Teambuilding \u00e0 Louvain - Touch\u00e9 Experience","isPartOf":{"@id":"https:\/\/www.touche-experience.be\/#website"},"primaryImageOfPage":{"@id":"https:\/\/www.touche-experience.be\/teambuilding-in-leuven\/#primaryimage"},"image":{"@id":"https:\/\/www.touche-experience.be\/teambuilding-in-leuven\/#primaryimage"},"thumbnailUrl":"https:\/\/www.touche-experience.be\/app\/uploads\/2017\/04\/Veldeman-Group-Teamdag-238.jpg","datePublished":"2023-11-29T13:00:40+00:00","dateModified":"2024-03-20T21:24:42+00:00","description":"Vivez un teambuilding inoubliable \u00e0 Louvain. En int\u00e9rieur ou en ext\u00e9rieur Choisissez parmi une gamme d'activit\u00e9s originales et de lieux uniques.","breadcrumb":{"@id":"https:\/\/www.touche-experience.be\/teambuilding-in-leuven\/#breadcrumb"},"inLanguage":"fr-BE","potentialAction":[{"@type":"ReadAction","target":["https:\/\/www.touche-experience.be\/teambuilding-in-leuven\/"]}]},{"@type":"ImageObject","inLanguage":"fr-BE","@id":"https:\/\/www.touche-experience.be\/teambuilding-in-leuven\/#primaryimage","url":"https:\/\/www.touche-experience.be\/app\/uploads\/2017\/04\/Veldeman-Group-Teamdag-238.jpg","contentUrl":"https:\/\/www.touche-experience.be\/app\/uploads\/2017\/04\/Veldeman-Group-Teamdag-238.jpg","width":2048,"height":1365},{"@type":"BreadcrumbList","@id":"https:\/\/www.touche-experience.be\/teambuilding-in-leuven\/#breadcrumb","itemListElement":[{"@type":"ListItem","position":1,"name":"Home","item":"https:\/\/www.touche-experience.be\/"},{"@type":"ListItem","position":2,"name":"Teambuilding in Leuven"}]},{"@type":"WebSite","@id":"https:\/\/www.touche-experience.be\/#website","url":"https:\/\/www.touche-experience.be\/","name":"Exp\u00e9rience Touch\u00e9","description":"Team building original dans les plus beaux endroits","potentialAction":[{"@type":"SearchAction","target":{"@type":"EntryPoint","urlTemplate":"https:\/\/www.touche-experience.be\/?s={search_term_string}"},"query-input":{"@type":"PropertyValueSpecification","valueRequired":true,"valueName":"search_term_string"}}],"inLanguage":"fr-BE"}]}},"_links":{"self":[{"href":"https:\/\/www.touche-experience.be\/fr\/wp-json\/wp\/v2\/pages\/22365","targetHints":{"allow":["GET"]}}],"collection":[{"href":"https:\/\/www.touche-experience.be\/fr\/wp-json\/wp\/v2\/pages"}],"about":[{"href":"https:\/\/www.touche-experience.be\/fr\/wp-json\/wp\/v2\/types\/page"}],"author":[{"embeddable":true,"href":"https:\/\/www.touche-experience.be\/fr\/wp-json\/wp\/v2\/users\/3"}],"replies":[{"embeddable":true,"href":"https:\/\/www.touche-experience.be\/fr\/wp-json\/wp\/v2\/comments?post=22365"}],"version-history":[{"count":18,"href":"https:\/\/www.touche-experience.be\/fr\/wp-json\/wp\/v2\/pages\/22365\/revisions"}],"predecessor-version":[{"id":23048,"href":"https:\/\/www.touche-experience.be\/fr\/wp-json\/wp\/v2\/pages\/22365\/revisions\/23048"}],"wp:featuredmedia":[{"embeddable":true,"href":"https:\/\/www.touche-experience.be\/fr\/wp-json\/wp\/v2\/media\/20475"}],"wp:attachment":[{"href":"https:\/\/www.touche-experience.be\/fr\/wp-json\/wp\/v2\/media?parent=22365"}],"curies":[{"name":"wp","href":"https:\/\/api.w.org\/{rel}","templated":true}]}}