{"id":435,"date":"2018-11-11T13:57:41","date_gmt":"2018-11-11T12:57:41","guid":{"rendered":"http:\/\/www.touche-experience.be\/?page_id=435"},"modified":"2020-09-24T14:13:41","modified_gmt":"2020-09-24T12:13:41","slug":"merci-pour-votre-demande","status":"publish","type":"page","link":"https:\/\/www.touche-experience.be\/fr\/bedankt-voor-je-aanvraag\/","title":{"rendered":"Merci pour votre demande"},"content":{"rendered":"<div data-elementor-type=\"wp-post\" data-elementor-id=\"435\" class=\"elementor elementor-435\" data-elementor-post-type=\"page\">\n\t\t\t\t\t\t<section class=\"elementor-section elementor-top-section elementor-element elementor-element-8931e84 elementor-section-boxed elementor-section-height-default elementor-section-height-default\" data-id=\"8931e84\" data-element_type=\"section\" data-e-type=\"section\">\n\t\t\t\t\t\t<div class=\"elementor-container elementor-column-gap-default\">\n\t\t\t\t\t<div class=\"elementor-column elementor-col-100 elementor-top-column elementor-element elementor-element-f43e8bf\" data-id=\"f43e8bf\" data-element_type=\"column\" data-e-type=\"column\">\n\t\t\t<div class=\"elementor-widget-wrap elementor-element-populated\">\n\t\t\t\t\t\t<div class=\"elementor-element elementor-element-8863b04 elementor-widget elementor-widget-text-editor\" data-id=\"8863b04\" data-element_type=\"widget\" data-e-type=\"widget\" data-widget_type=\"text-editor.default\">\n\t\t\t\t<div class=\"elementor-widget-container\">\n\t\t\t\t\t\t\t\t\t<h1>NOUS COMMEN\u00c7ONS \u00c0 TRAVAILLER SUR VOTRE CANDIDATURE ...<\/h1><div>\u00a0<\/div><div>\u00a0... et nous vous contacterons dans les plus brefs d\u00e9lais. En fonction de votre demande, nous vous ferons une offre ou vous enverrons un prix indicatif pour l'activit\u00e9 ou les activit\u00e9s et le lieu demand\u00e9s.<\/div><p>Vous trouverez une confirmation de cette demande dans votre bo\u00eete aux lettres.<\/p><p><strong>N'oubliez pas de v\u00e9rifier votre dossier de courrier ind\u00e9sirable, car nous constatons que nos offres ou nos messages d'information s'y retrouvent parfois.<\/strong><\/p><p>\u00a0<\/p><h1>Des changements ou des questions ?<\/h1><div>\u00a0<\/div><div>Vous souhaitez modifier quelque chose ou vous avez des questions sur nos services ?\u00a0<\/div><p>N'h\u00e9sitez pas \u00e0 nous contacter via le <a href=\"https:\/\/www.touche-experience.be\/fr\/contact\/\">formulaire de contact<\/a> ou appeler <strong>(+32) 477 38 01 77 <\/strong><\/p>\t\t\t\t\t\t\t\t<\/div>\n\t\t\t\t<\/div>\n\t\t\t\t\t<\/div>\n\t\t<\/div>\n\t\t\t\t\t<\/div>\n\t\t<\/section>\n\t\t\t\t<\/div>","protected":false},"excerpt":{"rendered":"<p>NOUS ATTENDONS VOTRE DEMANDE ... ... et nous vous contacterons dans les plus brefs d\u00e9lais. En fonction de votre demande, nous vous ferons une offre ou vous enverrons un prix indicatif pour la ou les activit\u00e9s et le lieu demand\u00e9s. Vous trouverez une confirmation de cette demande dans votre bo\u00eete aux lettres. N'oubliez pas de v\u00e9rifier votre dossier de courrier ind\u00e9sirable (spam), nous le signalons.<\/p>","protected":false},"author":1,"featured_media":0,"parent":0,"menu_order":0,"comment_status":"closed","ping_status":"closed","template":"","meta":{"footnotes":""},"class_list":["post-435","page","type-page","status-publish","hentry"],"acf":[],"yoast_head":"<title>Bedankt voor je aanvraag - Touch\u00e9 Experience<\/title>\n<meta name=\"robots\" content=\"index, follow, max-snippet:-1, max-image-preview:large, max-video-preview:-1\" \/>\n<link rel=\"canonical\" href=\"https:\/\/www.touche-experience.be\/fr\/merci-pour-votre-demande\/\" \/>\n<meta property=\"og:locale\" content=\"fr_FR\" \/>\n<meta property=\"og:type\" content=\"article\" \/>\n<meta property=\"og:title\" content=\"Bedankt voor je aanvraag - Touch\u00e9 Experience\" \/>\n<meta property=\"og:description\" content=\"WE GAAN AAN DE SLAG MET JOUW AANVRAAG &#8230; \u00a0\u00a0&#8230; en contacteren je zo snel mogelijk. Afhankelijk van je aanvraag maken we een offerte op of sturen we je een richtprijs voor de gevraagde activiteit(en) en locatie. Je vindt een bevestiging van deze aanvraag in je mailbox. Check zeker ook je spam map, we merken\" \/>\n<meta property=\"og:url\" content=\"https:\/\/www.touche-experience.be\/fr\/merci-pour-votre-demande\/\" \/>\n<meta property=\"og:site_name\" content=\"Touch\u00e9 Experience\" \/>\n<meta property=\"article:modified_time\" content=\"2020-09-24T12:13:41+00:00\" \/>\n<meta name=\"twitter:card\" content=\"summary_large_image\" \/>\n<script type=\"application\/ld+json\" class=\"yoast-schema-graph\">{\"@context\":\"https:\\\/\\\/schema.org\",\"@graph\":[{\"@type\":\"WebPage\",\"@id\":\"https:\\\/\\\/www.touche-experience.be\\\/bedankt-voor-je-aanvraag\\\/\",\"url\":\"https:\\\/\\\/www.touche-experience.be\\\/bedankt-voor-je-aanvraag\\\/\",\"name\":\"Bedankt voor je aanvraag - Touch\u00e9 Experience\",\"isPartOf\":{\"@id\":\"https:\\\/\\\/www.touche-experience.be\\\/#website\"},\"datePublished\":\"2018-11-11T12:57:41+00:00\",\"dateModified\":\"2020-09-24T12:13:41+00:00\",\"breadcrumb\":{\"@id\":\"https:\\\/\\\/www.touche-experience.be\\\/bedankt-voor-je-aanvraag\\\/#breadcrumb\"},\"inLanguage\":\"fr-BE\",\"potentialAction\":[{\"@type\":\"ReadAction\",\"target\":[\"https:\\\/\\\/www.touche-experience.be\\\/bedankt-voor-je-aanvraag\\\/\"]}]},{\"@type\":\"BreadcrumbList\",\"@id\":\"https:\\\/\\\/www.touche-experience.be\\\/bedankt-voor-je-aanvraag\\\/#breadcrumb\",\"itemListElement\":[{\"@type\":\"ListItem\",\"position\":1,\"name\":\"Home\",\"item\":\"https:\\\/\\\/www.touche-experience.be\\\/\"},{\"@type\":\"ListItem\",\"position\":2,\"name\":\"Bedankt voor je aanvraag\"}]},{\"@type\":\"WebSite\",\"@id\":\"https:\\\/\\\/www.touche-experience.be\\\/#website\",\"url\":\"https:\\\/\\\/www.touche-experience.be\\\/\",\"name\":\"Touch\u00e9 Experience\",\"description\":\"Originele teambuilding op de mooiste locaties\",\"potentialAction\":[{\"@type\":\"SearchAction\",\"target\":{\"@type\":\"EntryPoint\",\"urlTemplate\":\"https:\\\/\\\/www.touche-experience.be\\\/?s={search_term_string}\"},\"query-input\":{\"@type\":\"PropertyValueSpecification\",\"valueRequired\":true,\"valueName\":\"search_term_string\"}}],\"inLanguage\":\"fr-BE\"}]}<\/script>","yoast_head_json":{"title":"Merci pour votre demande - Touch\u00e9 Experience","robots":{"index":"index","follow":"follow","max-snippet":"max-snippet:-1","max-image-preview":"max-image-preview:large","max-video-preview":"max-video-preview:-1"},"canonical":"https:\/\/www.touche-experience.be\/fr\/merci-pour-votre-demande\/","og_locale":"fr_FR","og_type":"article","og_title":"Bedankt voor je aanvraag - Touch\u00e9 Experience","og_description":"WE GAAN AAN DE SLAG MET JOUW AANVRAAG &#8230; \u00a0\u00a0&#8230; en contacteren je zo snel mogelijk. Afhankelijk van je aanvraag maken we een offerte op of sturen we je een richtprijs voor de gevraagde activiteit(en) en locatie. Je vindt een bevestiging van deze aanvraag in je mailbox. Check zeker ook je spam map, we merken","og_url":"https:\/\/www.touche-experience.be\/fr\/merci-pour-votre-demande\/","og_site_name":"Touch\u00e9 Experience","article_modified_time":"2020-09-24T12:13:41+00:00","twitter_card":"summary_large_image","schema":{"@context":"https:\/\/schema.org","@graph":[{"@type":"WebPage","@id":"https:\/\/www.touche-experience.be\/bedankt-voor-je-aanvraag\/","url":"https:\/\/www.touche-experience.be\/bedankt-voor-je-aanvraag\/","name":"Merci pour votre demande - Touch\u00e9 Experience","isPartOf":{"@id":"https:\/\/www.touche-experience.be\/#website"},"datePublished":"2018-11-11T12:57:41+00:00","dateModified":"2020-09-24T12:13:41+00:00","breadcrumb":{"@id":"https:\/\/www.touche-experience.be\/bedankt-voor-je-aanvraag\/#breadcrumb"},"inLanguage":"fr-BE","potentialAction":[{"@type":"ReadAction","target":["https:\/\/www.touche-experience.be\/bedankt-voor-je-aanvraag\/"]}]},{"@type":"BreadcrumbList","@id":"https:\/\/www.touche-experience.be\/bedankt-voor-je-aanvraag\/#breadcrumb","itemListElement":[{"@type":"ListItem","position":1,"name":"Home","item":"https:\/\/www.touche-experience.be\/"},{"@type":"ListItem","position":2,"name":"Bedankt voor je aanvraag"}]},{"@type":"WebSite","@id":"https:\/\/www.touche-experience.be\/#website","url":"https:\/\/www.touche-experience.be\/","name":"Exp\u00e9rience Touch\u00e9","description":"Team building original dans les plus beaux endroits","potentialAction":[{"@type":"SearchAction","target":{"@type":"EntryPoint","urlTemplate":"https:\/\/www.touche-experience.be\/?s={search_term_string}"},"query-input":{"@type":"PropertyValueSpecification","valueRequired":true,"valueName":"search_term_string"}}],"inLanguage":"fr-BE"}]}},"_links":{"self":[{"href":"https:\/\/www.touche-experience.be\/fr\/wp-json\/wp\/v2\/pages\/435","targetHints":{"allow":["GET"]}}],"collection":[{"href":"https:\/\/www.touche-experience.be\/fr\/wp-json\/wp\/v2\/pages"}],"about":[{"href":"https:\/\/www.touche-experience.be\/fr\/wp-json\/wp\/v2\/types\/page"}],"author":[{"embeddable":true,"href":"https:\/\/www.touche-experience.be\/fr\/wp-json\/wp\/v2\/users\/1"}],"replies":[{"embeddable":true,"href":"https:\/\/www.touche-experience.be\/fr\/wp-json\/wp\/v2\/comments?post=435"}],"version-history":[{"count":11,"href":"https:\/\/www.touche-experience.be\/fr\/wp-json\/wp\/v2\/pages\/435\/revisions"}],"predecessor-version":[{"id":11736,"href":"https:\/\/www.touche-experience.be\/fr\/wp-json\/wp\/v2\/pages\/435\/revisions\/11736"}],"wp:attachment":[{"href":"https:\/\/www.touche-experience.be\/fr\/wp-json\/wp\/v2\/media?parent=435"}],"curies":[{"name":"wp","href":"https:\/\/api.w.org\/{rel}","templated":true}]}}